{"id":20504,"date":"2021-03-10T16:44:18","date_gmt":"2021-03-10T15:44:18","guid":{"rendered":"https:\/\/turinvermouth.nextage.it\/?page_id=20504"},"modified":"2025-09-26T11:52:29","modified_gmt":"2025-09-26T09:52:29","slug":"chi-siamo","status":"publish","type":"page","link":"https:\/\/turinvermouth.nextage.it\/en\/chi-siamo\/","title":{"rendered":"ABOUT US"},"content":{"rendered":"<div class=\"wpb-content-wrapper\"><div  class=\"vc_row vc-row-wrapper full_width_content equal-height-columns mobile-destroy-equal-heights vc-row-destroy-equal-heights-6a009beb9dbe2 aligh-content-verticaly vc-row-responsive-6a009beb9dbec\"  data-resolution=\"800\"data-parallax_sense=\"30\"><div class=\"wpb_row row\" >\n\t<div class=\"six columns vc-column-extra-class-6a009beb9df16 vc_custom_1758875613178\" data-parallax_sense=\"30\">\n\t\t<div class=\"wpb_wrapper\">\n\t\t\t<div class=\"vc-row-wrapper vc_inner vc_row-fluid dfd-inner-row-6a009beb9e05d\"><div class=\"row wpb_row\"><div class=\"spazio1 dfd-enable-custom-column-effect vc-column-hover-6a009beb9e1ae columns twelve\"><div class=\"wpb_wrapper\"><\/div><script type=\"text\/javascript\">(function($) {$(\"head\").append(\"<style>.vc-column-hover-6a009beb9e1ae {-webkit-box-shadow: none;-moz-box-shadow: none;-o-box-shadow: none;box-shadow: none;}.vc-column-hover-6a009beb9e1ae:hover {-webkit-box-shadow: none;-moz-box-shadow: none;-o-box-shadow: none;box-shadow: none; z-index: 1;}<\/style>\");})(jQuery);<\/script><\/div><\/div><\/div>\n\t\t<\/div> <script type=\"text\/javascript\">(function($) {$(\"head\").append(\"<style>.columns.vc-column-extra-class-6a009beb9df16 {background-position: center top !important;}<\/style>\");})(jQuery);<\/script>\n\t<\/div> \n\t<div class=\"six columns vc-column-extra-class-6a009beb9e2ba\" data-parallax_sense=\"30\">\n\t\t<div class=\"wpb_wrapper\">\n\t\t\t<div class=\"dfd-spacer-module\"  data-units=\"px\" data-wide_resolution=\"1280\" data-wide_size=\"60\" data-normal_resolution=\"1024\" data-normal_size=\"30\" data-tablet_resolution=\"800\" data-tablet_size=\"30\" data-mobile_resolution=\"480\" data-mobile_size=\"30\" style=\"height: 60px;\"><\/div>\r\n\t<div class=\"wpb_single_image wpb_content_element vc_align_center   imgcavallo\" >\r\n\t\t<div class=\"wpb_wrapper\">\r\n\t\t\t\r\n\t\t\t<div class=\"vc_single_image-wrapper   vc_box_border_grey\" ><img loading=\"lazy\" decoding=\"async\" width=\"143\" height=\"70\" src=\"https:\/\/turinvermouth.nextage.it\/wp-content\/uploads\/logo-title.png\" class=\"vc_single_image-img attachment-full\" alt=\"\" title=\"logo-title\" \/><\/div>\r\n\t\t\t\r\n\t\t<\/div>\r\n\t<\/div>\r\n<div class=\"dfd-spacer-module\"  data-units=\"px\" data-wide_resolution=\"1280\" data-wide_size=\"20\" data-normal_resolution=\"1024\" data-normal_size=\"20\" data-tablet_resolution=\"800\" data-tablet_size=\"20\" data-mobile_resolution=\"480\" data-mobile_size=\"20\" style=\"height: 20px;\"><\/div>\n\t<div class=\"wpb_text_column wpb_content_element\" >\n\t\t<div class=\"wpb_wrapper\">\n\t\t\t<h3 style=\"text-align: center;\">CHI SIAMO<\/h3>\n\n\t\t<\/div> \n\t<\/div> <div class=\"dfd-spacer-module\"  data-units=\"px\" data-wide_resolution=\"1280\" data-wide_size=\"20\" data-normal_resolution=\"1024\" data-normal_size=\"20\" data-tablet_resolution=\"800\" data-tablet_size=\"20\" data-mobile_resolution=\"480\" data-mobile_size=\"20\" style=\"height: 20px;\"><\/div>\n\t<div class=\"wpb_text_column wpb_content_element  testoquadro\" >\n\t\t<div class=\"wpb_wrapper\">\n\t\t\t<p style=\"text-align: center;\" data-start=\"213\" data-end=\"448\">Turin Vermouth nasce a Torino, la citt\u00e0 che nel 1786 ha dato i natali al Vermouth.<br data-start=\"295\" data-end=\"298\" \/>La nostra storia parte da l\u00ec, da ricette tramandate in famiglia e da una tradizione che profuma di casa, di momenti condivisi e di sapori autentici.<\/p>\n<p style=\"text-align: center;\" data-start=\"450\" data-end=\"753\">Crediamo che il Vermouth non sia soltanto un liquore, ma un compagno di conversazioni, di brindisi tra amici, di istanti che meritano di essere ricordati. \u00c8 questo che ci ispira: unire la cura artigianale alla voglia di creare legami, di portare un po\u2019 di Torino e della sua cultura in ogni bicchiere.<\/p>\n<p style=\"text-align: center;\" data-start=\"755\" data-end=\"966\">Per noi, la giusta combinazione di erbe e aromi \u00e8 un linguaggio universale che parla di ospitalit\u00e0, calore e convivialit\u00e0.<br data-start=\"877\" data-end=\"880\" \/>\u00c8 cos\u00ec che i nostri prodotti nascono: per farvi sentire a casa, ovunque vi troviate.<\/p>\n<p style=\"text-align: center;\" data-start=\"968\" data-end=\"1149\"><strong data-start=\"968\" data-end=\"1007\">Dedizione, ricerca, qualit\u00e0 e gusto<\/strong> sono i valori che ci guidano ogni giorno, ma ci\u00f2 che pi\u00f9 ci rende orgogliosi \u00e8 quando un nostro Vermouth diventa parte delle vostre storie.<\/p>\n\n\t\t<\/div> \n\t<\/div> <div class=\"dfd-spacer-module\"  data-units=\"px\" data-wide_resolution=\"1280\" data-wide_size=\"60\" data-normal_resolution=\"1024\" data-normal_size=\"30\" data-tablet_resolution=\"800\" data-tablet_size=\"30\" data-mobile_resolution=\"480\" data-mobile_size=\"30\" style=\"height: 60px;\"><\/div><div class=\"dfd-spacer-module\"  data-units=\"px\" data-wide_resolution=\"1280\" data-wide_size=\"60\" data-normal_resolution=\"1024\" data-normal_size=\"30\" data-tablet_resolution=\"800\" data-tablet_size=\"30\" data-mobile_resolution=\"480\" data-mobile_size=\"30\" style=\"height: 60px;\"><\/div>\n\t\t<\/div> \n\t<\/div> <\/div><div class=\"dfd-row-bg-overlay\" style=\"background-color: #f0ebe5;opacity: 0.8;\"><\/div><script type=\"text\/javascript\">(function($) {$(\"head\").append(\"<style>@media (min-width: 800px) and (max-width: 800px) {.vc-row-destroy-equal-heights-6a009beb9dbe2.aligh-content-verticaly.mobile-destroy-equal-heights .dfd-vertical-aligned {top: 0;-webkit-transform: translateY(0);-moz-transform: translateY(0);-o-transform: translateY(0); transform: translateY(0);}.vc-row-destroy-equal-heights-6a009beb9dbe2.vc-row-wrapper.equal-height-columns > .fp-tableCell > .fp-scrollable > .fp-scroller > .row > .columns,.vc-row-destroy-equal-heights-6a009beb9dbe2.vc-row-wrapper.equal-height-columns > .fp-tableCell > .fp-scrollable > .row > .columns,.vc-row-destroy-equal-heights-6a009beb9dbe2.vc-row-wrapper.equal-height-columns > .fp-tableCell > .row > .columns {height: auto;}}@media (max-width: 1279px) and (min-width: 1024px){.vc-row-wrapper.vc-row-responsive-6a009beb9dbec{border-left-width: 0px !important;}}@media (max-width: 799px){.vc-row-wrapper.vc-row-responsive-6a009beb9dbec{padding-left: 10px !important;padding-right: 10px !important;}}<\/style>\");})(jQuery);<\/script><\/div><div  class=\"vc_row vc-row-wrapper full_width_content equal-height-columns mobile-destroy-equal-heights vc-row-destroy-equal-heights-6a009beb9ea42 aligh-content-verticaly vc-row-responsive-6a009beb9ea4a\"  data-resolution=\"800\"data-parallax_sense=\"30\"><div class=\"wpb_row row\" >\n\t<div class=\"six columns vc-column-extra-class-6a009beb9eb68\" data-parallax_sense=\"30\">\n\t\t<div class=\"wpb_wrapper\">\n\t\t\t<div class=\"dfd-spacer-module\"  data-units=\"px\" data-wide_resolution=\"1280\" data-wide_size=\"60\" data-normal_resolution=\"1024\" data-normal_size=\"30\" data-tablet_resolution=\"800\" data-tablet_size=\"30\" data-mobile_resolution=\"480\" data-mobile_size=\"30\" style=\"height: 60px;\"><\/div>\r\n\t<div class=\"wpb_single_image wpb_content_element vc_align_center   imgcavallo\" >\r\n\t\t<div class=\"wpb_wrapper\">\r\n\t\t\t\r\n\t\t\t<div class=\"vc_single_image-wrapper   vc_box_border_grey\" ><img loading=\"lazy\" decoding=\"async\" width=\"143\" height=\"70\" src=\"https:\/\/turinvermouth.nextage.it\/wp-content\/uploads\/logo-title.png\" class=\"vc_single_image-img attachment-full\" alt=\"\" title=\"logo-title\" \/><\/div>\r\n\t\t\t\r\n\t\t<\/div>\r\n\t<\/div>\r\n<div class=\"dfd-spacer-module\"  data-units=\"px\" data-wide_resolution=\"1280\" data-wide_size=\"20\" data-normal_resolution=\"1024\" data-normal_size=\"20\" data-tablet_resolution=\"800\" data-tablet_size=\"20\" data-mobile_resolution=\"480\" data-mobile_size=\"20\" style=\"height: 20px;\"><\/div>\n\t<div class=\"wpb_text_column wpb_content_element\" >\n\t\t<div class=\"wpb_wrapper\">\n\t\t\t<h1 style=\"text-align: center;\"><strong>PASSION<\/strong><\/h1>\n\n\t\t<\/div> \n\t<\/div> <div class=\"dfd-spacer-module\"  data-units=\"px\" data-wide_resolution=\"1280\" data-wide_size=\"20\" data-normal_resolution=\"1024\" data-normal_size=\"20\" data-tablet_resolution=\"800\" data-tablet_size=\"20\" data-mobile_resolution=\"480\" data-mobile_size=\"20\" style=\"height: 20px;\"><\/div>\n\t<div class=\"wpb_text_column wpb_content_element  testoquadro\" >\n\t\t<div class=\"wpb_wrapper\">\n\t\t\t<p style=\"text-align: center;\" data-start=\"116\" data-end=\"310\">Per noi il Vermouth non \u00e8 solo un prodotto, ma un\u2019arte da tramandare. Ogni bottiglia nasce dal desiderio di raccontare il Piemonte attraverso profumi, aromi e sensazioni uniche.<\/p>\n<p style=\"text-align: center;\" data-start=\"312\" data-end=\"513\">La nostra passione ci spinge a sperimentare, selezionare con cura le migliori botaniche e reinterpretare le ricette del passato per creare qualcosa di autentico.<br \/>\nCapace di emozionare chi lo assapora.<\/p>\n\n\t\t<\/div> \n\t<\/div> <div class=\"dfd-spacer-module\"  data-units=\"px\" data-wide_resolution=\"1280\" data-wide_size=\"60\" data-normal_resolution=\"1024\" data-normal_size=\"30\" data-tablet_resolution=\"800\" data-tablet_size=\"30\" data-mobile_resolution=\"480\" data-mobile_size=\"30\" style=\"height: 60px;\"><\/div><div class=\"dfd-spacer-module\"  data-units=\"px\" data-wide_resolution=\"1280\" data-wide_size=\"60\" data-normal_resolution=\"1024\" data-normal_size=\"30\" data-tablet_resolution=\"800\" data-tablet_size=\"30\" data-mobile_resolution=\"480\" data-mobile_size=\"30\" style=\"height: 60px;\"><\/div>\n\t\t<\/div> \n\t<\/div> \n\t<div class=\"six columns vc-column-extra-class-6a009beb9ef6b vc_custom_1758874031375\" data-parallax_sense=\"30\">\n\t\t<div class=\"wpb_wrapper\">\n\t\t\t<div class=\"vc-row-wrapper vc_inner vc_row-fluid dfd-inner-row-6a009beb9f00e\"><div class=\"row wpb_row\"><div class=\"spazio1 dfd-enable-custom-column-effect vc-column-hover-6a009beb9f0d3 columns twelve\"><div class=\"wpb_wrapper\"><\/div><script type=\"text\/javascript\">(function($) {$(\"head\").append(\"<style>.vc-column-hover-6a009beb9f0d3 {-webkit-box-shadow: none;-moz-box-shadow: none;-o-box-shadow: none;box-shadow: none;}.vc-column-hover-6a009beb9f0d3:hover {-webkit-box-shadow: none;-moz-box-shadow: none;-o-box-shadow: none;box-shadow: none; z-index: 1;}<\/style>\");})(jQuery);<\/script><\/div><\/div><\/div>\n\t\t<\/div> <script type=\"text\/javascript\">(function($) {$(\"head\").append(\"<style>.columns.vc-column-extra-class-6a009beb9ef6b {background-position: center top !important;}<\/style>\");})(jQuery);<\/script>\n\t<\/div> <\/div><div class=\"dfd-row-bg-overlay\" style=\"background-color: #f0ebe5;opacity: 0.8;\"><\/div><script type=\"text\/javascript\">(function($) {$(\"head\").append(\"<style>@media (min-width: 800px) and (max-width: 800px) {.vc-row-destroy-equal-heights-6a009beb9ea42.aligh-content-verticaly.mobile-destroy-equal-heights .dfd-vertical-aligned {top: 0;-webkit-transform: translateY(0);-moz-transform: translateY(0);-o-transform: translateY(0); transform: translateY(0);}.vc-row-destroy-equal-heights-6a009beb9ea42.vc-row-wrapper.equal-height-columns > .fp-tableCell > .fp-scrollable > .fp-scroller > .row > .columns,.vc-row-destroy-equal-heights-6a009beb9ea42.vc-row-wrapper.equal-height-columns > .fp-tableCell > .fp-scrollable > .row > .columns,.vc-row-destroy-equal-heights-6a009beb9ea42.vc-row-wrapper.equal-height-columns > .fp-tableCell > .row > .columns {height: auto;}}@media (max-width: 1279px) and (min-width: 1024px){.vc-row-wrapper.vc-row-responsive-6a009beb9ea4a{border-left-width: 0px !important;}}@media (max-width: 799px){.vc-row-wrapper.vc-row-responsive-6a009beb9ea4a{padding-left: 10px !important;padding-right: 10px !important;}}<\/style>\");})(jQuery);<\/script><\/div><div  class=\"vc_row vc-row-wrapper full_width_content equal-height-columns mobile-destroy-equal-heights vc-row-destroy-equal-heights-6a009beb9f255 aligh-content-verticaly vc-row-responsive-6a009beb9f25c\"  data-resolution=\"800\"data-parallax_sense=\"30\"><div class=\"wpb_row row\" >\n\t<div class=\"six columns vc-column-extra-class-6a009beb9f35f vc_custom_1758873921330\" data-parallax_sense=\"30\">\n\t\t<div class=\"wpb_wrapper\">\n\t\t\t<div class=\"vc-row-wrapper vc_inner vc_row-fluid dfd-inner-row-6a009beb9f3fe\"><div class=\"row wpb_row\"><div class=\"spazio1 dfd-enable-custom-column-effect vc-column-hover-6a009beb9f4b5 columns twelve\"><div class=\"wpb_wrapper\"><\/div><script type=\"text\/javascript\">(function($) {$(\"head\").append(\"<style>.vc-column-hover-6a009beb9f4b5 {-webkit-box-shadow: none;-moz-box-shadow: none;-o-box-shadow: none;box-shadow: none;}.vc-column-hover-6a009beb9f4b5:hover {-webkit-box-shadow: none;-moz-box-shadow: none;-o-box-shadow: none;box-shadow: none; z-index: 1;}<\/style>\");})(jQuery);<\/script><\/div><\/div><\/div>\n\t\t<\/div> <script type=\"text\/javascript\">(function($) {$(\"head\").append(\"<style>.columns.vc-column-extra-class-6a009beb9f35f {background-position: center top !important;}<\/style>\");})(jQuery);<\/script>\n\t<\/div> \n\t<div class=\"six columns vc-column-extra-class-6a009beb9f5a4\" data-parallax_sense=\"30\">\n\t\t<div class=\"wpb_wrapper\">\n\t\t\t<div class=\"dfd-spacer-module\"  data-units=\"px\" data-wide_resolution=\"1280\" data-wide_size=\"60\" data-normal_resolution=\"1024\" data-normal_size=\"30\" data-tablet_resolution=\"800\" data-tablet_size=\"30\" data-mobile_resolution=\"480\" data-mobile_size=\"30\" style=\"height: 60px;\"><\/div>\r\n\t<div class=\"wpb_single_image wpb_content_element vc_align_center   imgcavallo\" >\r\n\t\t<div class=\"wpb_wrapper\">\r\n\t\t\t\r\n\t\t\t<div class=\"vc_single_image-wrapper   vc_box_border_grey\" ><img loading=\"lazy\" decoding=\"async\" width=\"143\" height=\"70\" src=\"https:\/\/turinvermouth.nextage.it\/wp-content\/uploads\/logo-title.png\" class=\"vc_single_image-img attachment-full\" alt=\"\" title=\"logo-title\" \/><\/div>\r\n\t\t\t\r\n\t\t<\/div>\r\n\t<\/div>\r\n<div class=\"dfd-spacer-module\"  data-units=\"px\" data-wide_resolution=\"1280\" data-wide_size=\"20\" data-normal_resolution=\"1024\" data-normal_size=\"20\" data-tablet_resolution=\"800\" data-tablet_size=\"20\" data-mobile_resolution=\"480\" data-mobile_size=\"20\" style=\"height: 20px;\"><\/div>\n\t<div class=\"wpb_text_column wpb_content_element\" >\n\t\t<div class=\"wpb_wrapper\">\n\t\t\t<h1 style=\"text-align: center;\"><strong>OUR VALUES<\/strong><\/h1>\n\n\t\t<\/div> \n\t<\/div> <div class=\"dfd-spacer-module\"  data-units=\"px\" data-wide_resolution=\"1280\" data-wide_size=\"20\" data-normal_resolution=\"1024\" data-normal_size=\"20\" data-tablet_resolution=\"800\" data-tablet_size=\"20\" data-mobile_resolution=\"480\" data-mobile_size=\"20\" style=\"height: 20px;\"><\/div>\n\t<div class=\"wpb_text_column wpb_content_element  testoquadro\" >\n\t\t<div class=\"wpb_wrapper\">\n\t\t\t<p style=\"text-align: center;\" data-start=\"129\" data-end=\"404\">I nostri valori vivono in ogni bottiglia. Amiamo e rispettiamo la nostra terra e le sue tradizioni, che sono la nostra identit\u00e0. Valorizziamo le persone che ogni giorno contribuiscono con passione al nostro lavoro, perch\u00e9 il loro impegno \u00e8 la nostra forza.<\/p>\n<p style=\"text-align: center;\" data-start=\"406\" data-end=\"646\">Per noi \u00e8 un orgoglio portare nel mondo prodotti unici e autenticamente italiani, frutto di secoli di storia e della nostra dedizione. La pi\u00f9 grande soddisfazione \u00e8 sapere che i nostri liquori accompagnano momenti di gioia e convivialit\u00e0.<\/p>\n\n\t\t<\/div> \n\t<\/div> <div class=\"dfd-spacer-module\"  data-units=\"px\" data-wide_resolution=\"1280\" data-wide_size=\"60\" data-normal_resolution=\"1024\" data-normal_size=\"30\" data-tablet_resolution=\"800\" data-tablet_size=\"30\" data-mobile_resolution=\"480\" data-mobile_size=\"30\" style=\"height: 60px;\"><\/div><div class=\"dfd-spacer-module\"  data-units=\"px\" data-wide_resolution=\"1280\" data-wide_size=\"60\" data-normal_resolution=\"1024\" data-normal_size=\"30\" data-tablet_resolution=\"800\" data-tablet_size=\"30\" data-mobile_resolution=\"480\" data-mobile_size=\"30\" style=\"height: 60px;\"><\/div>\n\t\t<\/div> \n\t<\/div> <\/div><div class=\"dfd-row-bg-overlay\" style=\"background-color: #f0ebe5;opacity: 0.8;\"><\/div><script type=\"text\/javascript\">(function($) {$(\"head\").append(\"<style>@media (min-width: 800px) and (max-width: 800px) {.vc-row-destroy-equal-heights-6a009beb9f255.aligh-content-verticaly.mobile-destroy-equal-heights .dfd-vertical-aligned {top: 0;-webkit-transform: translateY(0);-moz-transform: translateY(0);-o-transform: translateY(0); transform: translateY(0);}.vc-row-destroy-equal-heights-6a009beb9f255.vc-row-wrapper.equal-height-columns > .fp-tableCell > .fp-scrollable > .fp-scroller > .row > .columns,.vc-row-destroy-equal-heights-6a009beb9f255.vc-row-wrapper.equal-height-columns > .fp-tableCell > .fp-scrollable > .row > .columns,.vc-row-destroy-equal-heights-6a009beb9f255.vc-row-wrapper.equal-height-columns > .fp-tableCell > .row > .columns {height: auto;}}@media (max-width: 1279px) and (min-width: 1024px){.vc-row-wrapper.vc-row-responsive-6a009beb9f25c{border-left-width: 0px !important;}}@media (max-width: 799px){.vc-row-wrapper.vc-row-responsive-6a009beb9f25c{padding-left: 10px !important;padding-right: 10px !important;}}<\/style>\");})(jQuery);<\/script><\/div>\n<\/div>","protected":false},"excerpt":{"rendered":"CHI SIAMO Turin Vermouth nasce a Torino, la citt\u00e0 che nel 1786 ha dato i natali al Vermouth.La nostra storia parte da l\u00ec, da ricette tramandate in famiglia e da","protected":false},"author":31,"featured_media":0,"parent":0,"menu_order":0,"comment_status":"closed","ping_status":"closed","template":"page-custom.php","meta":{"footnotes":""},"class_list":["post-20504","page","type-page","status-publish","hentry"],"_links":{"self":[{"href":"https:\/\/turinvermouth.nextage.it\/en\/wp-json\/wp\/v2\/pages\/20504","targetHints":{"allow":["GET"]}}],"collection":[{"href":"https:\/\/turinvermouth.nextage.it\/en\/wp-json\/wp\/v2\/pages"}],"about":[{"href":"https:\/\/turinvermouth.nextage.it\/en\/wp-json\/wp\/v2\/types\/page"}],"author":[{"embeddable":true,"href":"https:\/\/turinvermouth.nextage.it\/en\/wp-json\/wp\/v2\/users\/31"}],"replies":[{"embeddable":true,"href":"https:\/\/turinvermouth.nextage.it\/en\/wp-json\/wp\/v2\/comments?post=20504"}],"version-history":[{"count":0,"href":"https:\/\/turinvermouth.nextage.it\/en\/wp-json\/wp\/v2\/pages\/20504\/revisions"}],"wp:attachment":[{"href":"https:\/\/turinvermouth.nextage.it\/en\/wp-json\/wp\/v2\/media?parent=20504"}],"curies":[{"name":"wp","href":"https:\/\/api.w.org\/{rel}","templated":true}]}}