{"id":20623,"date":"2021-03-15T08:56:16","date_gmt":"2021-03-15T07:56:16","guid":{"rendered":"https:\/\/turinvermouth.nextage.it\/?page_id=20623"},"modified":"2025-09-26T12:27:20","modified_gmt":"2025-09-26T10:27:20","slug":"vermouth-di-torino","status":"publish","type":"page","link":"https:\/\/turinvermouth.nextage.it\/en\/vermouth-di-torino\/","title":{"rendered":"Vermouth"},"content":{"rendered":"<div class=\"wpb-content-wrapper\"><div  class=\"vc_row vc-row-wrapper full_width_content\" data-parallax_sense=\"30\"><div class=\"wpb_row row\" >\n\t<div class=\"twelve columns vc-column-extra-class-6a00ba4e5e382\" data-parallax_sense=\"30\">\n\t\t<div class=\"wpb_wrapper\">\n\t\t\t\n\t\t\t<!-- START vermouthtorino REVOLUTION SLIDER 6.7.35 --><p class=\"rs-p-wp-fix\"><\/p>\n\t\t\t<rs-module-wrap id=\"rev_slider_24_1_wrapper\" data-source=\"gallery\" style=\"visibility:hidden;background:transparent;padding:0;margin:0px auto;margin-top:0;margin-bottom:0;background-image:url(https:\/\/turinvermouth.nextage.it\/wp-content\/uploads\/top-vermouth-torino.jpg);background-repeat:no-repeat;background-size:cover;background-position:center center;\">\n\t\t\t\t<rs-module id=\"rev_slider_24_1\" style=\"\" data-version=\"6.7.35\">\n\t\t\t\t\t<rs-slides style=\"overflow: hidden; position: absolute;\">\n\t\t\t\t\t\t<rs-slide style=\"position: absolute;\" data-key=\"rs-74\" data-title=\"Slide\" data-anim=\"adpr:false;\">\n\t\t\t\t\t\t\t<img decoding=\"async\" src=\"\/\/turinvermouth.nextage.it\/wp-content\/plugins\/revslider\/sr6\/assets\/assets\/dummy.png\" alt=\"Slide\" title=\"Vermouth\" class=\"rev-slidebg tp-rs-img rs-lazyload\" data-lazyload=\"\/\/turinvermouth.nextage.it\/wp-content\/plugins\/revslider\/sr6\/assets\/assets\/transparent.png\" data-no-retina>\n<!---->\t\t\t\t\t<\/rs-slide>\n\t\t\t\t\t<\/rs-slides>\n\t\t\t\t<\/rs-module>\n\t\t\t\t<script>\n\t\t\t\t\tsetREVStartSize({c: 'rev_slider_24_1',rl:[1240,1240,1240,480],el:[800,800,800,400],gw:[1920,1920,1920,480],gh:[800,800,800,400],type:'standard',justify:'',layout:'fullwidth',mh:\"0\"});if (window.RS_MODULES!==undefined && window.RS_MODULES.modules!==undefined && window.RS_MODULES.modules[\"revslider241\"]!==undefined) {window.RS_MODULES.modules[\"revslider241\"].once = false;window.revapi24 = undefined;if (window.RS_MODULES.checkMinimal!==undefined) window.RS_MODULES.checkMinimal()}\n\t\t\t\t<\/script>\n\t\t\t<\/rs-module-wrap>\n\t\t\t<!-- END REVOLUTION SLIDER -->\n\n\t\t<\/div> \n\t<\/div> <\/div><div class=\"dfd-row-bg-overlay\" style=\"opacity: 0.8;\"><\/div><\/div><div  class=\"vc_row vc-row-wrapper full_width_small_paddings\" data-parallax_sense=\"30\"><div class=\"wpb_row row\" >\n\t<div class=\"twelve columns vc-column-extra-class-6a00ba4e60873\" data-parallax_sense=\"30\">\n\t\t<div class=\"wpb_wrapper\">\n\t\t\t<div class=\"dfd-spacer-module\"  data-units=\"px\" data-wide_resolution=\"1280\" data-wide_size=\"100\" data-normal_resolution=\"1024\" data-normal_size=\"70\" data-tablet_resolution=\"800\" data-tablet_size=\"50\" data-mobile_resolution=\"480\" data-mobile_size=\"50\" style=\"height: 100px;\"><\/div>\n\t<div class=\"wpb_text_column wpb_content_element\" >\n\t\t<div class=\"wpb_wrapper\">\n\t\t\t<h3 style=\"text-align: center;\">VERMOUTH<strong><br \/>\n<\/strong><\/h3>\n\n\t\t<\/div> \n\t<\/div> <div class=\"dfd-spacer-module\"  data-units=\"px\" data-wide_resolution=\"1280\" data-wide_size=\"60\" data-normal_resolution=\"1024\" data-normal_size=\"30\" data-tablet_resolution=\"800\" data-tablet_size=\"30\" data-mobile_resolution=\"480\" data-mobile_size=\"30\" style=\"height: 60px;\"><\/div>\n\t<div class=\"wpb_text_column wpb_content_element  testoprodotto2\" >\n\t\t<div class=\"wpb_wrapper\">\n\t\t\t<p style=\"text-align: center;\" data-start=\"208\" data-end=\"507\">Il Vermouth \u00e8 molto pi\u00f9 di un vino aromatizzato: \u00e8 un simbolo del Piemonte e della sua tradizione liquoristica.<br data-start=\"319\" data-end=\"322\" \/>Nasce dall\u2019unione di vini italiani selezionati, alcol e un bouquet di erbe e spezie dove l\u2019Artemisia \u00e8 protagonista, accompagnata da note botaniche che ne esaltano il carattere unico.<\/p>\n<p style=\"text-align: center;\" data-start=\"509\" data-end=\"802\">Il nostro <strong data-start=\"519\" data-end=\"537\">Vermouth Drap\u00f2<\/strong> custodisce l\u2019eredit\u00e0 di un\u2019antica ricetta torinese, tramandata di generazione in generazione.<br data-start=\"631\" data-end=\"634\" \/>Ogni produzione avviene ancora oggi all\u2019interno della <strong data-start=\"688\" data-end=\"716\">Turin Vermouth di Torino<\/strong>, seguendo fedelmente i metodi tradizionali che hanno reso grande questa eccellenza.<\/p>\n<p style=\"text-align: center;\" data-start=\"804\" data-end=\"936\">Il risultato \u00e8 un Vermouth autentico, che racconta la nostra storia e porta nel bicchiere il gusto vero della tradizione torinese.<\/p>\n\n\t\t<\/div> \n\t<\/div> \n\t\t<\/div> \n\t<\/div> <\/div><div class=\"dfd-row-bg-overlay\" style=\"background-color: #f0ebe5;opacity: 0.8;\"><\/div><\/div><div  class=\"vc_row vc-row-wrapper full_width_content equal-height-columns mobile-destroy-equal-heights vc-row-destroy-equal-heights-6a00ba4e60bac aligh-content-verticaly vc_custom_1615802022476\"  data-resolution=\"800\"data-parallax_sense=\"30\"><div class=\"wpb_row row\" style=\"bkgright\">\n\t<div class=\"six columns vc-column-extra-class-6a00ba4e60cd9\" data-parallax_sense=\"30\">\n\t\t<div class=\"wpb_wrapper\">\n\t\t\t<div class=\"dfd-spacer-module\"  data-units=\"px\" data-wide_resolution=\"1280\" data-wide_size=\"60\" data-normal_resolution=\"1024\" data-normal_size=\"60\" data-tablet_resolution=\"800\" data-tablet_size=\"0\" data-mobile_resolution=\"480\" data-mobile_size=\"0\" style=\"height: 60px;\"><\/div><div class=\"vc-row-wrapper vc_inner vc_row-fluid dfd-inner-row-6a00ba4e60e2c\"><div class=\"row wpb_row\"><div class=\"vc-column-hover-6a00ba4e60f57 columns four\"><div class=\"wpb_wrapper\"><\/div><\/div><div class=\"vc-column-hover-6a00ba4e60ff6 columns eight\"><div class=\"wpb_wrapper\">\n\t<div class=\"wpb_text_column wpb_content_element  testoprodotto2\" >\n\t\t<div class=\"wpb_wrapper\">\n\t\t\t<p>The Artemisia Absinthium (bitter plant) or Absinthe is at the base of Vermouth.<br \/>\nWe use more than twenty botanicals including:<br \/>\n|Citrus - Bitter Orange, Sweet Orange<br \/>\n|Bark - Cascarilla, Quassia Amara<br \/>\n| Herbs - Artemisia, Cardosanto, Coriander,Marjoram, Salvia Sclarea<br \/>\n| Roots - Angelica, Gentian, Rhubarb<br \/>\n|Spices - Star Anise, Cinnamon, Cloves, Nutmeg<\/p>\n\n\t\t<\/div> \n\t<\/div> <\/div><\/div><\/div><\/div><div class=\"dfd-spacer-module\"  data-units=\"px\" data-wide_resolution=\"1280\" data-wide_size=\"30\" data-normal_resolution=\"1024\" data-normal_size=\"30\" data-tablet_resolution=\"800\" data-tablet_size=\"30\" data-mobile_resolution=\"480\" data-mobile_size=\"30\" style=\"height: 30px;\"><\/div>\n\t\t<\/div> \n\t<\/div> \n\t<div class=\"six columns vc-column-extra-class-6a00ba4e611cc vc_custom_1615799783784\" data-parallax_sense=\"30\">\n\t\t<div class=\"wpb_wrapper\">\n\t\t\t\r\n\t<div class=\"wpb_single_image wpb_content_element vc_align_left\" >\r\n\t\t<div class=\"wpb_wrapper\">\r\n\t\t\t\r\n\t\t\t<div class=\"vc_single_image-wrapper   vc_box_border_grey\" ><img loading=\"lazy\" decoding=\"async\" width=\"800\" height=\"800\" src=\"https:\/\/turinvermouth.nextage.it\/wp-content\/uploads\/artemisia.jpg\" class=\"vc_single_image-img attachment-full\" alt=\"\" title=\"artemisia\" srcset=\"https:\/\/turinvermouth.nextage.it\/wp-content\/uploads\/artemisia.jpg 800w, https:\/\/turinvermouth.nextage.it\/wp-content\/uploads\/artemisia-400x400.jpg 400w, https:\/\/turinvermouth.nextage.it\/wp-content\/uploads\/artemisia-768x768.jpg 768w, https:\/\/turinvermouth.nextage.it\/wp-content\/uploads\/artemisia-600x600.jpg 600w, https:\/\/turinvermouth.nextage.it\/wp-content\/uploads\/artemisia-100x100.jpg 100w\" sizes=\"auto, (max-width: 800px) 100vw, 800px\" \/><\/div>\r\n\t\t\t\r\n\t\t<\/div>\r\n\t<\/div>\r\n\n\t\t<\/div> \n\t<\/div> <\/div><div class=\"dfd-row-bg-overlay\" style=\"background-color: #f0ebe5;opacity: 0.8;\"><\/div><script type=\"text\/javascript\">(function($) {$(\"head\").append(\"<style>@media (min-width: 800px) and (max-width: 800px) {.vc-row-destroy-equal-heights-6a00ba4e60bac.aligh-content-verticaly.mobile-destroy-equal-heights .dfd-vertical-aligned {top: 0;-webkit-transform: translateY(0);-moz-transform: translateY(0);-o-transform: translateY(0); transform: translateY(0);}.vc-row-destroy-equal-heights-6a00ba4e60bac.vc-row-wrapper.equal-height-columns > .fp-tableCell > .fp-scrollable > .fp-scroller > .row > .columns,.vc-row-destroy-equal-heights-6a00ba4e60bac.vc-row-wrapper.equal-height-columns > .fp-tableCell > .fp-scrollable > .row > .columns,.vc-row-destroy-equal-heights-6a00ba4e60bac.vc-row-wrapper.equal-height-columns > .fp-tableCell > .row > .columns {height: auto;}}<\/style>\");})(jQuery);<\/script><\/div><div  class=\"vc_row vc-row-wrapper full_width_content_paddings\" data-parallax_sense=\"30\"><div class=\"wpb_row row\" >\n\t<div class=\"twelve columns vc-column-extra-class-6a00ba4e6181e\" data-parallax_sense=\"30\">\n\t\t<div class=\"wpb_wrapper\">\n\t\t\t<div class=\"dfd-spacer-module\"  data-units=\"px\" data-wide_resolution=\"1280\" data-wide_size=\"100\" data-normal_resolution=\"1024\" data-normal_size=\"70\" data-tablet_resolution=\"800\" data-tablet_size=\"0\" data-mobile_resolution=\"480\" data-mobile_size=\"0\" style=\"height: 100px;\"><\/div>\n\t<div class=\"wpb_text_column wpb_content_element  testoprodotto2\" >\n\t\t<div class=\"wpb_wrapper\">\n\t\t\t<p style=\"text-align: center;\">These precious botanicals are put into an innovative machinery called \"Naviglio Extractor\". Through cold maceration, in a hydroalcoholic solution, we obtain a concentrated extract of excellent quality, to which white wine, alcohol, water and sugar are added.\nAfter a rigorous filtering process, the vermouth is resting  inside stainless steel tanks for a few weeks before being bottled.<\/p>\n\n\t\t<\/div> \n\t<\/div> <div class=\"dfd-spacer-module\"  data-units=\"px\" data-wide_resolution=\"1280\" data-wide_size=\"100\" data-normal_resolution=\"1024\" data-normal_size=\"70\" data-tablet_resolution=\"800\" data-tablet_size=\"50\" data-mobile_resolution=\"480\" data-mobile_size=\"50\" style=\"height: 100px;\"><\/div>\n\t\t<\/div> \n\t<\/div> <\/div><div class=\"dfd-row-bg-overlay\" style=\"background-color: #f0ebe5;opacity: 0.8;\"><\/div><\/div><div  class=\"vc_row vc-row-wrapper full_width_content\" data-parallax_sense=\"30\"><div class=\"wpb_row row\" >\n\t<div class=\"twelve columns vc-column-extra-class-6a00ba4e61b5d\" data-parallax_sense=\"30\">\n\t\t<div class=\"wpb_wrapper\">\n\t\t\t\r\n\t<div class=\"wpb_single_image wpb_content_element vc_align_center\" >\r\n\t\t<div class=\"wpb_wrapper\">\r\n\t\t\t\r\n\t\t\t<div class=\"vc_single_image-wrapper   vc_box_border_grey\" ><img loading=\"lazy\" decoding=\"async\" width=\"1784\" height=\"1309\" src=\"https:\/\/turinvermouth.nextage.it\/wp-content\/uploads\/catalogo-turin-vermouth-def.png\" class=\"vc_single_image-img attachment-full\" alt=\"\" title=\"catalogo turin vermouth def\" srcset=\"https:\/\/turinvermouth.nextage.it\/wp-content\/uploads\/catalogo-turin-vermouth-def.png 1784w, https:\/\/turinvermouth.nextage.it\/wp-content\/uploads\/catalogo-turin-vermouth-def-1000x734.png 1000w, https:\/\/turinvermouth.nextage.it\/wp-content\/uploads\/catalogo-turin-vermouth-def-768x564.png 768w, https:\/\/turinvermouth.nextage.it\/wp-content\/uploads\/catalogo-turin-vermouth-def-1536x1127.png 1536w, https:\/\/turinvermouth.nextage.it\/wp-content\/uploads\/catalogo-turin-vermouth-def-16x12.png 16w, https:\/\/turinvermouth.nextage.it\/wp-content\/uploads\/catalogo-turin-vermouth-def-600x440.png 600w\" sizes=\"auto, (max-width: 1784px) 100vw, 1784px\" \/><\/div>\r\n\t\t\t\r\n\t\t<\/div>\r\n\t<\/div>\r\n<div class=\"dfd-spacer-module\"  data-units=\"px\" data-wide_resolution=\"1280\" data-wide_size=\"100\" data-normal_resolution=\"1024\" data-normal_size=\"70\" data-tablet_resolution=\"800\" data-tablet_size=\"50\" data-mobile_resolution=\"480\" data-mobile_size=\"50\" style=\"height: 100px;\"><\/div>\n\t\t<\/div> \n\t<\/div> <\/div><div class=\"dfd-row-bg-overlay\" style=\"background-color: #f0ebe5;opacity: 0.8;\"><\/div><\/div>\n<\/div>","protected":false},"excerpt":{"rendered":"VERMOUTH Il Vermouth \u00e8 molto pi\u00f9 di un vino aromatizzato: \u00e8 un simbolo del Piemonte e della sua tradizione liquoristica.Nasce dall\u2019unione di vini italiani selezionati, alcol e un bouquet di","protected":false},"author":31,"featured_media":0,"parent":0,"menu_order":0,"comment_status":"closed","ping_status":"closed","template":"page-custom.php","meta":{"footnotes":""},"class_list":["post-20623","page","type-page","status-publish","hentry"],"_links":{"self":[{"href":"https:\/\/turinvermouth.nextage.it\/en\/wp-json\/wp\/v2\/pages\/20623","targetHints":{"allow":["GET"]}}],"collection":[{"href":"https:\/\/turinvermouth.nextage.it\/en\/wp-json\/wp\/v2\/pages"}],"about":[{"href":"https:\/\/turinvermouth.nextage.it\/en\/wp-json\/wp\/v2\/types\/page"}],"author":[{"embeddable":true,"href":"https:\/\/turinvermouth.nextage.it\/en\/wp-json\/wp\/v2\/users\/31"}],"replies":[{"embeddable":true,"href":"https:\/\/turinvermouth.nextage.it\/en\/wp-json\/wp\/v2\/comments?post=20623"}],"version-history":[{"count":0,"href":"https:\/\/turinvermouth.nextage.it\/en\/wp-json\/wp\/v2\/pages\/20623\/revisions"}],"wp:attachment":[{"href":"https:\/\/turinvermouth.nextage.it\/en\/wp-json\/wp\/v2\/media?parent=20623"}],"curies":[{"name":"wp","href":"https:\/\/api.w.org\/{rel}","templated":true}]}}