{"id":21138,"date":"2021-08-04T18:17:46","date_gmt":"2021-08-04T16:17:46","guid":{"rendered":"https:\/\/turinvermouth.nextage.it\/?post_type=product&#038;p=21138"},"modified":"2024-05-22T09:47:45","modified_gmt":"2024-05-22T07:47:45","slug":"kit-degustibus-vermouth","status":"publish","type":"product","link":"https:\/\/turinvermouth.nextage.it\/en\/product\/kit-degustibus-vermouth\/","title":{"rendered":"Kit Degustibus Vermouth"},"content":{"rendered":"<p>\"The pleasure of tasting the excellence of Piedmont, wherever you want, with whoever you want, when you want\"<br \/>\nVermouth Kit, an elegant and refined Gift Box that contains 50 cl of Vermouth Drap\u00f2 Dry, 50 cl of Vermouth Drap\u00f2 Ros\u00e8 and 50 cl of Vermouth Drap\u00f2 Bianco.<\/p>","protected":false},"excerpt":{"rendered":"<p>50 cl di Vermouth Drap\u00f2 Dry<br \/>\n50 cl di Vermouth Drap\u00f2 Ros\u00e8<br \/>\n50 cl di Vermouth Drap\u00f2 Bianco<\/p>","protected":false},"featured_media":21232,"template":"","meta":[],"product_brand":[],"product_cat":[285],"product_tag":[],"class_list":{"0":"post-21138","1":"product","2":"type-product","3":"status-publish","4":"has-post-thumbnail","6":"product_cat-kit","8":"first","9":"instock","10":"shipping-taxable","11":"purchasable","12":"product-type-simple"},"_links":{"self":[{"href":"https:\/\/turinvermouth.nextage.it\/en\/wp-json\/wp\/v2\/product\/21138","targetHints":{"allow":["GET"]}}],"collection":[{"href":"https:\/\/turinvermouth.nextage.it\/en\/wp-json\/wp\/v2\/product"}],"about":[{"href":"https:\/\/turinvermouth.nextage.it\/en\/wp-json\/wp\/v2\/types\/product"}],"wp:featuredmedia":[{"embeddable":true,"href":"https:\/\/turinvermouth.nextage.it\/en\/wp-json\/wp\/v2\/media\/21232"}],"wp:attachment":[{"href":"https:\/\/turinvermouth.nextage.it\/en\/wp-json\/wp\/v2\/media?parent=21138"}],"wp:term":[{"taxonomy":"product_brand","embeddable":true,"href":"https:\/\/turinvermouth.nextage.it\/en\/wp-json\/wp\/v2\/product_brand?post=21138"},{"taxonomy":"product_cat","embeddable":true,"href":"https:\/\/turinvermouth.nextage.it\/en\/wp-json\/wp\/v2\/product_cat?post=21138"},{"taxonomy":"product_tag","embeddable":true,"href":"https:\/\/turinvermouth.nextage.it\/en\/wp-json\/wp\/v2\/product_tag?post=21138"}],"curies":[{"name":"wp","href":"https:\/\/api.w.org\/{rel}","templated":true}]}}